{"id":641,"date":"2017-10-18T03:09:16","date_gmt":"2017-10-18T03:09:16","guid":{"rendered":"https:\/\/soledad.pencidesign.net\/soledad-art-artist-blog\/?page_id=2"},"modified":"2025-08-21T17:30:43","modified_gmt":"2025-08-21T15:30:43","slug":"sample-page","status":"publish","type":"page","link":"https:\/\/xn--padeia-jwa.com\/index.php\/sample-page\/","title":{"rendered":"Qui suis-je?"},"content":{"rendered":"\t\t<div data-elementor-type=\"wp-page\" data-elementor-id=\"641\" class=\"elementor elementor-641\">\n\t\t\t\t<div class=\"elementor-element elementor-element-52fe559 e-flex e-con-boxed e-con e-parent\" data-id=\"52fe559\" data-element_type=\"container\" data-e-type=\"container\">\n\t\t\t\t\t<div class=\"e-con-inner\">\n\t\t\t\t<div class=\"elementor-element elementor-element-6a48b637 elementor-widget elementor-widget-text-editor\" data-id=\"6a48b637\" data-element_type=\"widget\" data-e-type=\"widget\" data-widget_type=\"text-editor.default\">\n\t\t\t\t<div class=\"elementor-widget-container\">\n\t\t\t\t\t\t\t\t\t<h2><span style=\"color: #000000;\"><strong>Bienvenue sur Pa\u00efdeia !<\/strong><\/span><\/h2><blockquote><p><span style=\"color: #000000;\">Bonjour \u00e0 tous ! Je suis Mehdi Kenly, R\u00e9dacteur &#8211; Community Manager passionn\u00e9 par le monde de la culture.<\/span><\/p><p><span style=\"color: #000000;\">N&rsquo;\u00e9tant jamais tout \u00e0 fait rassasi\u00e9 par un domaine en particulier et d\u00e9sirant renouer avec l&rsquo;\u00e9criture, j&rsquo;ai d\u00e9cid\u00e9 de cr\u00e9er mon propre m\u00e9dia culturel afin de vous partager mes impressions sur l&rsquo;actualit\u00e9 culturelle, mais aussi \u00e0 vous inviter \u00e0 me partager les v\u00f4tres !<\/span><\/p><\/blockquote><p><span style=\"color: #000000;\">Ce site est ouvert \u00e0 tous les passionn\u00e9(e)s, qu&rsquo;elle que soit leur sensibilit\u00e9 ! Ce m\u00e9dia doit devenir une sorte de refuge, d&rsquo;instant de pause, loin des clashs m\u00e9diatiques permanents et permettre de communier autour des arts en g\u00e9n\u00e9ral.<\/span><\/p><p><span style=\"color: #000000;\">J&rsquo;ai par ailleurs souhait\u00e9 ouvrir mes horizons \u00e0 deux langues, deux cultures qui me sont ch\u00e8res : l&rsquo;Angleterre et l&rsquo;Espagne.<\/span><\/p><p><span style=\"color: #000000;\">J&rsquo;esp\u00e8re nous voir nombreux et nombreuses, et que ce sera le d\u00e9but d&rsquo;une grande aventure, pleine d&rsquo;\u00e9moi et de collaborations.<\/span><\/p><p><span style=\"color: #000000;\">Artistiquement v\u00f4tre<\/span><\/p><p><span style=\"color: #000000;\"><strong>M.K<\/strong><\/span><\/p>\t\t\t\t\t\t\t\t<\/div>\n\t\t\t\t<\/div>\n\t\t\t\t\t<\/div>\n\t\t\t\t<\/div>\n\t\t\t\t<\/div>\n\t\t","protected":false},"excerpt":{"rendered":"<p>Bienvenue sur Pa\u00efdeia ! Bonjour \u00e0 tous ! Je suis Mehdi Kenly, R\u00e9dacteur &#8211; Community Manager passionn\u00e9 par le monde de la culture. N&rsquo;\u00e9tant&hellip;<\/p>\n","protected":false},"author":1,"featured_media":801,"parent":0,"menu_order":0,"comment_status":"closed","ping_status":"open","template":"","meta":{"content-type":"","_lmt_disableupdate":"","_lmt_disable":"","footnotes":""},"class_list":["post-641","page","type-page","status-publish","has-post-thumbnail","hentry"],"_links":{"self":[{"href":"https:\/\/xn--padeia-jwa.com\/index.php\/wp-json\/wp\/v2\/pages\/641","targetHints":{"allow":["GET"]}}],"collection":[{"href":"https:\/\/xn--padeia-jwa.com\/index.php\/wp-json\/wp\/v2\/pages"}],"about":[{"href":"https:\/\/xn--padeia-jwa.com\/index.php\/wp-json\/wp\/v2\/types\/page"}],"author":[{"embeddable":true,"href":"https:\/\/xn--padeia-jwa.com\/index.php\/wp-json\/wp\/v2\/users\/1"}],"replies":[{"embeddable":true,"href":"https:\/\/xn--padeia-jwa.com\/index.php\/wp-json\/wp\/v2\/comments?post=641"}],"version-history":[{"count":11,"href":"https:\/\/xn--padeia-jwa.com\/index.php\/wp-json\/wp\/v2\/pages\/641\/revisions"}],"predecessor-version":[{"id":1948,"href":"https:\/\/xn--padeia-jwa.com\/index.php\/wp-json\/wp\/v2\/pages\/641\/revisions\/1948"}],"wp:featuredmedia":[{"embeddable":true,"href":"https:\/\/xn--padeia-jwa.com\/index.php\/wp-json\/wp\/v2\/media\/801"}],"wp:attachment":[{"href":"https:\/\/xn--padeia-jwa.com\/index.php\/wp-json\/wp\/v2\/media?parent=641"}],"curies":[{"name":"wp","href":"https:\/\/api.w.org\/{rel}","templated":true}]}}